{"id":6086,"date":"2021-07-28T09:24:55","date_gmt":"2021-07-28T06:24:55","guid":{"rendered":"https:\/\/laivas.testeris.lv\/contact-us\/"},"modified":"2025-03-20T17:11:26","modified_gmt":"2025-03-20T15:11:26","slug":"kontakti","status":"publish","type":"page","link":"https:\/\/laivas.testeris.lv\/lv\/kontakti\/","title":{"rendered":"Kontakti"},"content":{"rendered":"\t\t<div data-elementor-type=\"wp-page\" data-elementor-id=\"6086\" class=\"elementor elementor-6086 elementor-1414\" data-elementor-post-type=\"page\">\n\t\t\t\t\t\t<section class=\"elementor-section elementor-top-section elementor-element elementor-element-fac3bd9 elementor-section-full_width qodef-elementor-content-grid elementor-section-height-default elementor-section-height-default\" data-id=\"fac3bd9\" data-element_type=\"section\">\n\t\t\t\t\t\t<div class=\"elementor-container elementor-column-gap-default\">\n\t\t\t\t\t<div class=\"elementor-column elementor-col-100 elementor-top-column elementor-element elementor-element-43858fb\" data-id=\"43858fb\" data-element_type=\"column\">\n\t\t\t<div class=\"elementor-widget-wrap elementor-element-populated\">\n\t\t\t\t\t\t<div class=\"elementor-element elementor-element-5e258d7 jedv-enabled--yes elementor-widget elementor-widget-seafarer_core_section_title\" data-id=\"5e258d7\" data-element_type=\"widget\" data-widget_type=\"seafarer_core_section_title.default\">\n\t\t\t\t<div class=\"elementor-widget-container\">\n\t\t\t\t\t<div class=\"qodef-shortcode qodef-m  qodef-section-title qodef-alignment--center \">\n\t\t<div class=\"qodef-m-image\">\n\t\t<img decoding=\"async\" width=\"74\" height=\"108\" src=\"https:\/\/laivas.testeris.lv\/wp-content\/uploads\/2021\/07\/Sidebar-img.png\" class=\"attachment-full size-full\" alt=\"a\" \/>\t<\/div>\n\t<div class=\"qodef-m-content\">\n\t\t    <span class=\"qodef-m-background-text\" >\n    KONTAKTI    <\/span>\n\n\t\t\t\t\t<h1 class=\"qodef-m-title\" >\n\t\t\t\t\tSazinieties ar mums\t\t\t<\/h1>\n\t\t\t<p class=\"qodef-m-text\" >Priec\u0101jamies nodro\u0161in\u0101t katram m\u016bsu klientam individu\u0101lu pieeju un pasaules l\u012bme\u0146a apkalpo\u0161anu. <\/p>\n\t<\/div>\n<\/div>\n\t\t\t\t<\/div>\n\t\t\t\t<\/div>\n\t\t\t\t\t<\/div>\n\t\t<\/div>\n\t\t\t\t\t<\/div>\n\t\t<\/section>\n\t\t<div class=\"elementor-element elementor-element-c91186b e-con-full e-flex e-con e-parent\" data-id=\"c91186b\" data-element_type=\"container\">\n\t\t<div class=\"elementor-element elementor-element-6a397f4 e-con-full e-flex e-con e-child\" data-id=\"6a397f4\" data-element_type=\"container\">\n\t\t\t\t<div class=\"elementor-element elementor-element-33fd792 elementor-widget elementor-widget-google_maps\" data-id=\"33fd792\" data-element_type=\"widget\" data-widget_type=\"google_maps.default\">\n\t\t\t\t<div class=\"elementor-widget-container\">\n\t\t\t\t\t\t\t<div class=\"elementor-custom-embed\">\n\t\t\t<iframe loading=\"lazy\"\n\t\t\t\t\tsrc=\"https:\/\/maps.google.com\/maps?q=Krasta%20iela%207%2C%20R%C4%ABga&#038;t=m&#038;z=13&#038;output=embed&#038;iwloc=near\"\n\t\t\t\t\ttitle=\"Krasta iela 7, R\u012bga\"\n\t\t\t\t\taria-label=\"Krasta iela 7, R\u012bga\"\n\t\t\t><\/iframe>\n\t\t<\/div>\n\t\t\t\t\t\t<\/div>\n\t\t\t\t<\/div>\n\t\t\t\t<\/div>\n\t\t\t\t<\/div>\n\t\t<div class=\"elementor-element elementor-element-a53dba7 e-con-full e-flex e-con e-parent\" data-id=\"a53dba7\" data-element_type=\"container\">\n\t\t<div class=\"elementor-element elementor-element-9603b60 e-flex e-con-boxed e-con e-child\" data-id=\"9603b60\" data-element_type=\"container\">\n\t\t\t\t\t<div class=\"e-con-inner\">\n\t\t<div class=\"elementor-element elementor-element-b3ac125 e-con-full e-flex e-con e-child\" data-id=\"b3ac125\" data-element_type=\"container\">\n\t\t\t\t<div class=\"elementor-element elementor-element-59ec418 elementor-widget elementor-widget-image\" data-id=\"59ec418\" data-element_type=\"widget\" data-widget_type=\"image.default\">\n\t\t\t\t<div class=\"elementor-widget-container\">\n\t\t\t\t\t\t\t\t\t\t\t\t\t\t\t<img fetchpriority=\"high\" decoding=\"async\" width=\"1024\" height=\"683\" src=\"https:\/\/laivas.testeris.lv\/wp-content\/uploads\/2024\/07\/91113b2e226a64e25898776e09942dc600ce74bd-1024x683.jpg\" class=\"attachment-large size-large wp-image-5996\" alt=\"\" srcset=\"https:\/\/laivas.testeris.lv\/wp-content\/uploads\/2024\/07\/91113b2e226a64e25898776e09942dc600ce74bd-1024x683.jpg 1024w, https:\/\/laivas.testeris.lv\/wp-content\/uploads\/2024\/07\/91113b2e226a64e25898776e09942dc600ce74bd-300x200.jpg 300w, https:\/\/laivas.testeris.lv\/wp-content\/uploads\/2024\/07\/91113b2e226a64e25898776e09942dc600ce74bd-768x512.jpg 768w, https:\/\/laivas.testeris.lv\/wp-content\/uploads\/2024\/07\/91113b2e226a64e25898776e09942dc600ce74bd.jpg 1440w\" sizes=\"(max-width: 1024px) 100vw, 1024px\" \/>\t\t\t\t\t\t\t\t\t\t\t\t\t\t\t<\/div>\n\t\t\t\t<\/div>\n\t\t\t\t<\/div>\n\t\t<div class=\"elementor-element elementor-element-2b0a3b9 e-con-full e-flex e-con e-child\" data-id=\"2b0a3b9\" data-element_type=\"container\">\n\t\t\t\t<div class=\"elementor-element elementor-element-b7789f0 elementor-widget elementor-widget-text-editor\" data-id=\"b7789f0\" data-element_type=\"widget\" data-widget_type=\"text-editor.default\">\n\t\t\t\t<div class=\"elementor-widget-container\">\n\t\t\t\t\t\t\t\t\t<h2>KONTAKTI<\/h2>\t\t\t\t\t\t\t\t<\/div>\n\t\t\t\t<\/div>\n\t\t\t\t<div class=\"elementor-element elementor-element-9000cb6 elementor-widget elementor-widget-text-editor\" data-id=\"9000cb6\" data-element_type=\"widget\" data-widget_type=\"text-editor.default\">\n\t\t\t\t<div class=\"elementor-widget-container\">\n\t\t\t\t\t\t\t\t\t<h4><strong>P.-Pk.:<\/strong> 09:00 &#8211; 18:00<\/h4>\t\t\t\t\t\t\t\t<\/div>\n\t\t\t\t<\/div>\n\t\t<div class=\"elementor-element elementor-element-8b5c64f e-con-full e-flex e-con e-child\" data-id=\"8b5c64f\" data-element_type=\"container\">\n\t\t\t\t<div class=\"elementor-element elementor-element-46b58cc elementor-widget elementor-widget-seafarer_core_icon_with_text\" data-id=\"46b58cc\" data-element_type=\"widget\" data-widget_type=\"seafarer_core_icon_with_text.default\">\n\t\t\t\t<div class=\"elementor-widget-container\">\n\t\t\t\t\t<div class=\"qodef-shortcode qodef-m  qodef-icon-with-text qodef-layout--before-content qodef--icon-pack \">\n\t<div class=\"qodef-m-icon-wrapper\" >\n\t\t<span class=\"qodef-shortcode qodef-m  qodef-icon-holder qodef-size--default qodef-layout--normal\"  >\t\t\t<span class=\"qodef-icon-dripicons dripicons-phone qodef-icon qodef-e\" style=\"font-size: 25px\" ><\/span>\t<\/span>\t<\/div>\n\t<div class=\"qodef-m-content\">\n\t\t\t<h4 class=\"qodef-m-title\" >\n\t\t\t\t\t<span class=\"qodef-m-title-text\">+371 200 125 00<\/span>\n\t\t\t<\/h4>\n\t\t\t<\/div>\n<\/div>\n\t\t\t\t<\/div>\n\t\t\t\t<\/div>\n\t\t\t\t<div class=\"elementor-element elementor-element-51d3c12 elementor-widget elementor-widget-seafarer_core_icon_with_text\" data-id=\"51d3c12\" data-element_type=\"widget\" data-widget_type=\"seafarer_core_icon_with_text.default\">\n\t\t\t\t<div class=\"elementor-widget-container\">\n\t\t\t\t\t<div class=\"qodef-shortcode qodef-m  qodef-icon-with-text qodef-layout--before-content qodef--icon-pack \">\n\t<div class=\"qodef-m-icon-wrapper\" >\n\t\t<span class=\"qodef-shortcode qodef-m  qodef-icon-holder qodef-size--default qodef-layout--normal\"  >\t\t\t<span class=\"qodef-icon-dripicons dripicons-mail qodef-icon qodef-e\" style=\"font-size: 25px\" ><\/span>\t<\/span>\t<\/div>\n\t<div class=\"qodef-m-content\">\n\t\t\t<h4 class=\"qodef-m-title\" >\n\t\t\t\t\t<span class=\"qodef-m-title-text\">info@saxdorbaltic.eu<\/span>\n\t\t\t<\/h4>\n\t\t\t<\/div>\n<\/div>\n\t\t\t\t<\/div>\n\t\t\t\t<\/div>\n\t\t\t\t<\/div>\n\t\t\t\t<\/div>\n\t\t\t\t\t<\/div>\n\t\t\t\t<\/div>\n\t\t\t\t<\/div>\n\t\t\t\t<\/div>\n\t\t","protected":false},"excerpt":{"rendered":"<p>KONTAKTI Sazinieties ar mums Priec\u0101jamies nodro\u0161in\u0101t katram m\u016bsu klientam individu\u0101lu pieeju un pasaules l\u012bme\u0146a apkalpo\u0161anu. KONTAKTI P.-Pk.: 09:00 &#8211; 18:00 +371 200 125 00 info@saxdorbaltic.eu<\/p>\n","protected":false},"author":1,"featured_media":0,"parent":0,"menu_order":0,"comment_status":"closed","ping_status":"closed","template":"page-full-width.php","meta":{"footnotes":""},"class_list":["post-6086","page","type-page","status-publish","hentry"],"_links":{"self":[{"href":"https:\/\/laivas.testeris.lv\/lv\/wp-json\/wp\/v2\/pages\/6086","targetHints":{"allow":["GET"]}}],"collection":[{"href":"https:\/\/laivas.testeris.lv\/lv\/wp-json\/wp\/v2\/pages"}],"about":[{"href":"https:\/\/laivas.testeris.lv\/lv\/wp-json\/wp\/v2\/types\/page"}],"author":[{"embeddable":true,"href":"https:\/\/laivas.testeris.lv\/lv\/wp-json\/wp\/v2\/users\/1"}],"replies":[{"embeddable":true,"href":"https:\/\/laivas.testeris.lv\/lv\/wp-json\/wp\/v2\/comments?post=6086"}],"version-history":[{"count":13,"href":"https:\/\/laivas.testeris.lv\/lv\/wp-json\/wp\/v2\/pages\/6086\/revisions"}],"predecessor-version":[{"id":6870,"href":"https:\/\/laivas.testeris.lv\/lv\/wp-json\/wp\/v2\/pages\/6086\/revisions\/6870"}],"wp:attachment":[{"href":"https:\/\/laivas.testeris.lv\/lv\/wp-json\/wp\/v2\/media?parent=6086"}],"curies":[{"name":"wp","href":"https:\/\/api.w.org\/{rel}","templated":true}]}}